{"id":1427,"date":"2018-09-15T08:32:36","date_gmt":"2018-09-15T06:32:36","guid":{"rendered":"https:\/\/www.littlewild-gallery.com\/?page_id=1427"},"modified":"2018-09-15T08:38:43","modified_gmt":"2018-09-15T06:38:43","slug":"informazioni-digigraphie","status":"publish","type":"page","link":"https:\/\/www.littlewild-gallery.com\/it\/informazioni-digigraphie\/","title":{"rendered":"Informazioni DIGIGRAPHIE"},"content":{"rendered":"<p>[et_pb_section fb_built=&#8221;1&#8243; admin_label=&#8221;Feature &#8211; Image Right&#8221; _builder_version=&#8221;3.0.98&#8243; custom_margin=&#8221;|||&#8221; custom_padding=&#8221;0|0px|54px|0px|false|false&#8221;][et_pb_row use_custom_width=&#8221;on&#8221; width_unit=&#8221;off&#8221; use_custom_gutter=&#8221;on&#8221; gutter_width=&#8221;4&#8243; custom_padding=&#8221;40px|0px|40px|0px|true|false&#8221; padding_top_2=&#8221;5%&#8221; _builder_version=&#8221;3.12.2&#8243; module_alignment=&#8221;center&#8221; animation_style=&#8221;fade&#8221;][et_pb_column type=&#8221;4_4&#8243; _builder_version=&#8221;3.0.47&#8243; parallax=&#8221;off&#8221; parallax_method=&#8221;on&#8221;][et_pb_text _builder_version=&#8221;3.13.1&#8243; text_font=&#8221;||||||||&#8221; text_letter_spacing=&#8221;1px&#8221; header_font=&#8221;|300||||on|||&#8221; text_orientation=&#8221;justified&#8221;]<\/p>\n<div class=\"region region-content small-7 medium-7 large-7 xlarge-7 xxlarge-7 column\">\n<div id=\"block-system-main\" class=\"block block-system\">\n<div class=\"content\">\n<div class=\"zf-1col node node-page view-mode-full\">\n<div class=\"group-content\">\n<div class=\"field field-name-body field-type-text-with-summary field-label-hidden\">\n<div class=\"field-items\">\n<div class=\"field-item even\">\n<div>\n<div>\n<div>\n<div>\n<div>\n<h1>Digigraphie<\/h1>\n<p style=\"text-align: justify;\"><em>Digigraphie by Epson<\/em> \u00e8 stata creata da Epson nel 2003 come esclusivo marchio di validazione per la produzione di opere digitali in serie limitata. Ogni opera, firmata dall&#8217;autore, numerata e timbrata Digigraphie by Epson, \u00e8 unica, parte di una tiratura definita e certificata dallo stesso autore.<\/p>\n<p style=\"text-align: justify;\">La grande forza di questo marchio \u00e8 la garanzia di una qualit\u00e0 di stampa estremamente elevata che dura a lungo e la certezza del valore legato alla tiratura limitata. Le opere create con <em>Digigraphie by Epson<\/em> durano da 60 a oltre 100 anni, a seconda dei supporti utilizzati e comunque pi\u00f9 di quelle tradizionali all&#8217;alogenuro d&#8217;argento.<\/p>\n<p style=\"text-align: justify;\">Per saperne di pi\u00f9:<a href=\"http:\/\/www.digigraphie.com\/it\" target=\"_blank\" rel=\"noopener\"> www.digigraphie.com\/it<\/a><\/p>\n<h1>Epson<\/h1>\n<p style=\"text-align: justify;\">Epson \u00e8 conosciuta per l&#8217;alta qualit\u00e0 e affidabilit\u00e0 dei propri prodotti. In particolare \u00e8 apprezzata dai professionisti e appassionati di fotografia per la resa ineguagliabile delle stampe fotografiche.<\/p>\n<p style=\"text-align: justify;\">Epson sin dal 1997, quando ha presentato la prima ink jet per la stampa fotografica, Epson Stylus Photo, ha lavorato per raggiungere una qualit\u00e0 di riproduzione di assoluta perfezione fotografica, grazie soprattutto alla esclusiva testina di stampa Epson Micro Piezo che ha portato la stampa ad altissimi livelli di precisione e accuratezza unitamente ai nuovi inchiostri dedicati e ai molteplici tipi di carte fotografiche e fine-art. Un&#8217;evoluzione tecnologica che vede oggi la stampa digitale inkjet superiore per molti aspetti a quella chimica tradizionale: per qualit\u00e0, durata e versatilit\u00e0. E per la capacit\u00e0 di riprodurre fotografie d&#8217;autore e opere d&#8217;arte con una precisione cromatica e una garanzia di durata davvero elevate.<\/p>\n<p style=\"text-align: justify;\">Per saperne di pi\u00f9: <a href=\"http:\/\/www.epson.it\" target=\"_blank\" rel=\"noopener\">www.epson.it<\/a><\/p>\n<\/div>\n<\/div>\n<\/div>\n<\/div>\n<\/div>\n<\/div>\n<\/div>\n<\/div>\n<\/div>\n<\/div>\n<\/div>\n<\/div>\n<\/div>\n<p>[\/et_pb_text][\/et_pb_column][\/et_pb_row][\/et_pb_section]<\/p>\n","protected":false},"excerpt":{"rendered":"<p>Digigraphie Digigraphie by Epson \u00e8 stata creata da Epson nel 2003 come esclusivo marchio di validazione per la produzione di opere digitali in serie limitata. Ogni opera, firmata dall&#8217;autore, numerata e timbrata Digigraphie by Epson, \u00e8 unica, parte di una tiratura definita e certificata dallo stesso autore. La grande forza di questo marchio \u00e8 la [&hellip;]<\/p>\n","protected":false},"author":1,"featured_media":0,"parent":0,"menu_order":0,"comment_status":"closed","ping_status":"closed","template":"","meta":{"_et_pb_use_builder":"on","_et_pb_old_content":"","_et_gb_content_width":"","footnotes":""},"class_list":["post-1427","page","type-page","status-publish","hentry"],"yoast_head":"<!-- This site is optimized with the Yoast SEO plugin v27.5 - https:\/\/yoast.com\/product\/yoast-seo-wordpress\/ -->\n<title>Informazioni DIGIGRAPHIE - The Little Wild Gallery<\/title>\n<meta name=\"robots\" content=\"index, follow, max-snippet:-1, max-image-preview:large, max-video-preview:-1\" \/>\n<link rel=\"canonical\" href=\"https:\/\/www.littlewild-gallery.com\/it\/informazioni-digigraphie\/\" \/>\n<meta property=\"og:locale\" content=\"it_IT\" \/>\n<meta property=\"og:type\" content=\"article\" \/>\n<meta property=\"og:title\" content=\"Informazioni DIGIGRAPHIE - The Little Wild Gallery\" \/>\n<meta property=\"og:description\" content=\"Digigraphie Digigraphie by Epson \u00e8 stata creata da Epson nel 2003 come esclusivo marchio di validazione per la produzione di opere digitali in serie limitata. Ogni opera, firmata dall&#039;autore, numerata e timbrata Digigraphie by Epson, \u00e8 unica, parte di una tiratura definita e certificata dallo stesso autore. La grande forza di questo marchio \u00e8 la [&hellip;]\" \/>\n<meta property=\"og:url\" content=\"https:\/\/www.littlewild-gallery.com\/it\/informazioni-digigraphie\/\" \/>\n<meta property=\"og:site_name\" content=\"The Little Wild Gallery\" \/>\n<meta property=\"article:modified_time\" content=\"2018-09-15T06:38:43+00:00\" \/>\n<meta name=\"twitter:card\" content=\"summary_large_image\" \/>\n<meta name=\"twitter:label1\" content=\"Tempo di lettura stimato\" \/>\n\t<meta name=\"twitter:data1\" content=\"2 minuti\" \/>\n<script type=\"application\/ld+json\" class=\"yoast-schema-graph\">{\"@context\":\"https:\\\/\\\/schema.org\",\"@graph\":[{\"@type\":\"WebPage\",\"@id\":\"https:\\\/\\\/www.littlewild-gallery.com\\\/it\\\/informazioni-digigraphie\\\/\",\"url\":\"https:\\\/\\\/www.littlewild-gallery.com\\\/it\\\/informazioni-digigraphie\\\/\",\"name\":\"Informazioni DIGIGRAPHIE - The Little Wild Gallery\",\"isPartOf\":{\"@id\":\"https:\\\/\\\/www.littlewild-gallery.com\\\/it\\\/#website\"},\"datePublished\":\"2018-09-15T06:32:36+00:00\",\"dateModified\":\"2018-09-15T06:38:43+00:00\",\"breadcrumb\":{\"@id\":\"https:\\\/\\\/www.littlewild-gallery.com\\\/it\\\/informazioni-digigraphie\\\/#breadcrumb\"},\"inLanguage\":\"it-IT\",\"potentialAction\":[{\"@type\":\"ReadAction\",\"target\":[\"https:\\\/\\\/www.littlewild-gallery.com\\\/it\\\/informazioni-digigraphie\\\/\"]}]},{\"@type\":\"BreadcrumbList\",\"@id\":\"https:\\\/\\\/www.littlewild-gallery.com\\\/it\\\/informazioni-digigraphie\\\/#breadcrumb\",\"itemListElement\":[{\"@type\":\"ListItem\",\"position\":1,\"name\":\"Home\",\"item\":\"https:\\\/\\\/www.littlewild-gallery.com\\\/it\\\/\"},{\"@type\":\"ListItem\",\"position\":2,\"name\":\"Informazioni DIGIGRAPHIE\"}]},{\"@type\":\"WebSite\",\"@id\":\"https:\\\/\\\/www.littlewild-gallery.com\\\/it\\\/#website\",\"url\":\"https:\\\/\\\/www.littlewild-gallery.com\\\/it\\\/\",\"name\":\"The Little Wild Gallery\",\"description\":\"Fine prints and books by  Stefano Unterthiner\",\"potentialAction\":[{\"@type\":\"SearchAction\",\"target\":{\"@type\":\"EntryPoint\",\"urlTemplate\":\"https:\\\/\\\/www.littlewild-gallery.com\\\/it\\\/?s={search_term_string}\"},\"query-input\":{\"@type\":\"PropertyValueSpecification\",\"valueRequired\":true,\"valueName\":\"search_term_string\"}}],\"inLanguage\":\"it-IT\"}]}<\/script>\n<!-- \/ Yoast SEO plugin. -->","yoast_head_json":{"title":"Informazioni DIGIGRAPHIE - The Little Wild Gallery","robots":{"index":"index","follow":"follow","max-snippet":"max-snippet:-1","max-image-preview":"max-image-preview:large","max-video-preview":"max-video-preview:-1"},"canonical":"https:\/\/www.littlewild-gallery.com\/it\/informazioni-digigraphie\/","og_locale":"it_IT","og_type":"article","og_title":"Informazioni DIGIGRAPHIE - The Little Wild Gallery","og_description":"Digigraphie Digigraphie by Epson \u00e8 stata creata da Epson nel 2003 come esclusivo marchio di validazione per la produzione di opere digitali in serie limitata. Ogni opera, firmata dall'autore, numerata e timbrata Digigraphie by Epson, \u00e8 unica, parte di una tiratura definita e certificata dallo stesso autore. La grande forza di questo marchio \u00e8 la [&hellip;]","og_url":"https:\/\/www.littlewild-gallery.com\/it\/informazioni-digigraphie\/","og_site_name":"The Little Wild Gallery","article_modified_time":"2018-09-15T06:38:43+00:00","twitter_card":"summary_large_image","twitter_misc":{"Tempo di lettura stimato":"2 minuti"},"schema":{"@context":"https:\/\/schema.org","@graph":[{"@type":"WebPage","@id":"https:\/\/www.littlewild-gallery.com\/it\/informazioni-digigraphie\/","url":"https:\/\/www.littlewild-gallery.com\/it\/informazioni-digigraphie\/","name":"Informazioni DIGIGRAPHIE - The Little Wild Gallery","isPartOf":{"@id":"https:\/\/www.littlewild-gallery.com\/it\/#website"},"datePublished":"2018-09-15T06:32:36+00:00","dateModified":"2018-09-15T06:38:43+00:00","breadcrumb":{"@id":"https:\/\/www.littlewild-gallery.com\/it\/informazioni-digigraphie\/#breadcrumb"},"inLanguage":"it-IT","potentialAction":[{"@type":"ReadAction","target":["https:\/\/www.littlewild-gallery.com\/it\/informazioni-digigraphie\/"]}]},{"@type":"BreadcrumbList","@id":"https:\/\/www.littlewild-gallery.com\/it\/informazioni-digigraphie\/#breadcrumb","itemListElement":[{"@type":"ListItem","position":1,"name":"Home","item":"https:\/\/www.littlewild-gallery.com\/it\/"},{"@type":"ListItem","position":2,"name":"Informazioni DIGIGRAPHIE"}]},{"@type":"WebSite","@id":"https:\/\/www.littlewild-gallery.com\/it\/#website","url":"https:\/\/www.littlewild-gallery.com\/it\/","name":"The Little Wild Gallery","description":"Fine prints and books by  Stefano Unterthiner","potentialAction":[{"@type":"SearchAction","target":{"@type":"EntryPoint","urlTemplate":"https:\/\/www.littlewild-gallery.com\/it\/?s={search_term_string}"},"query-input":{"@type":"PropertyValueSpecification","valueRequired":true,"valueName":"search_term_string"}}],"inLanguage":"it-IT"}]}},"_links":{"self":[{"href":"https:\/\/www.littlewild-gallery.com\/it\/wp-json\/wp\/v2\/pages\/1427","targetHints":{"allow":["GET"]}}],"collection":[{"href":"https:\/\/www.littlewild-gallery.com\/it\/wp-json\/wp\/v2\/pages"}],"about":[{"href":"https:\/\/www.littlewild-gallery.com\/it\/wp-json\/wp\/v2\/types\/page"}],"author":[{"embeddable":true,"href":"https:\/\/www.littlewild-gallery.com\/it\/wp-json\/wp\/v2\/users\/1"}],"replies":[{"embeddable":true,"href":"https:\/\/www.littlewild-gallery.com\/it\/wp-json\/wp\/v2\/comments?post=1427"}],"version-history":[{"count":6,"href":"https:\/\/www.littlewild-gallery.com\/it\/wp-json\/wp\/v2\/pages\/1427\/revisions"}],"predecessor-version":[{"id":1438,"href":"https:\/\/www.littlewild-gallery.com\/it\/wp-json\/wp\/v2\/pages\/1427\/revisions\/1438"}],"wp:attachment":[{"href":"https:\/\/www.littlewild-gallery.com\/it\/wp-json\/wp\/v2\/media?parent=1427"}],"curies":[{"name":"wp","href":"https:\/\/api.w.org\/{rel}","templated":true}]}}