{"id":2,"date":"2018-09-03T20:00:59","date_gmt":"2018-09-03T20:00:59","guid":{"rendered":"https:\/\/www.littlewild-gallery.com\/?page_id=2"},"modified":"2023-12-20T15:04:27","modified_gmt":"2023-12-20T14:04:27","slug":"sample-page","status":"publish","type":"page","link":"https:\/\/www.littlewild-gallery.com\/it\/","title":{"rendered":"Home"},"content":{"rendered":"<p>[et_pb_section fb_built=&#8221;1&#8243; fullwidth=&#8221;on&#8221; admin_label=&#8221;Hero Section&#8221; _builder_version=&#8221;4.16&#8243; custom_padding=&#8221;0px|0px|0|0px|false|false&#8221; global_colors_info=&#8221;{}&#8221;][et_pb_fullwidth_header title=&#8221;The Little Wild Gallery&#8221; subhead=&#8221;Venite a trovarci!&#8221; background_overlay_color=&#8221;rgba(0,0,0,0)&#8221; _builder_version=&#8221;4.23.1&#8243; title_font=&#8221;Poppins|700||||on|||&#8221; title_text_align=&#8221;center&#8221; title_text_color=&#8221;rgba(0,0,0,0)&#8221; title_font_size=&#8221;14px&#8221; title_letter_spacing=&#8221;2px&#8221; title_line_height=&#8221;1.8em&#8221; content_font=&#8221;||||||||&#8221; content_text_color=&#8221;#000000&#8243; subhead_font=&#8221;Playfair Display|||||on|||&#8221; subhead_text_align=&#8221;left&#8221; subhead_text_color=&#8221;rgba(0,0,0,0)&#8221; subhead_font_size=&#8221;35px&#8221; subhead_letter_spacing=&#8221;1px&#8221; subhead_line_height=&#8221;1.5em&#8221; background_color=&#8221;rgba(255,255,255,0)&#8221; background_image=&#8221;https:\/\/www.littlewild-gallery.com\/wp-content\/uploads\/2023\/12\/IMG_9090.jpg&#8221; custom_button_one=&#8221;on&#8221; button_one_border_width=&#8221;1px&#8221; button_one_border_color=&#8221;rgba(255,255,255,0.3)&#8221; button_one_border_radius=&#8221;0px&#8221; button_one_letter_spacing=&#8221;1px&#8221; button_one_font=&#8221;Saira Extra Condensed|600||on|||||&#8221; button_one_icon=&#8221;&#x24;||divi||400&#8243; button_one_icon_color=&#8221;#edbb5f&#8221; custom_button_two=&#8221;on&#8221; button_two_border_width=&#8221;1px&#8221; button_two_border_color=&#8221;rgba(255,255,255,0.3)&#8221; button_two_border_radius=&#8221;0px&#8221; button_two_letter_spacing=&#8221;1px&#8221; button_two_font=&#8221;Saira Extra Condensed|600||on|||||&#8221; button_two_icon=&#8221;&#x24;||divi||400&#8243; button_two_icon_color=&#8221;#edbb5f&#8221; module_alignment=&#8221;right&#8221; custom_margin=&#8221;|||&#8221; custom_padding=&#8221;5%||20%|&#8221; custom_padding_tablet=&#8221;&#8221; custom_padding_phone=&#8221;28%||28%|&#8221; custom_padding_last_edited=&#8221;on|desktop&#8221; button_one_text_color_hover=&#8221;#edbb5f&#8221; button_two_text_color_hover=&#8221;#edbb5f&#8221; button_one_bg_color_hover=&#8221;rgba(0,0,0,0)&#8221; button_two_bg_color_hover=&#8221;rgba(0,0,0,0)&#8221; global_colors_info=&#8221;{}&#8221; button_one_text_size__hover_enabled=&#8221;off&#8221; button_two_text_size__hover_enabled=&#8221;off&#8221; button_one_text_color__hover_enabled=&#8221;on&#8221; button_one_text_color__hover=&#8221;#edbb5f&#8221; button_two_text_color__hover_enabled=&#8221;on&#8221; button_two_text_color__hover=&#8221;#edbb5f&#8221; button_one_border_width__hover_enabled=&#8221;off&#8221; button_two_border_width__hover_enabled=&#8221;off&#8221; button_one_border_color__hover_enabled=&#8221;off&#8221; button_two_border_color__hover_enabled=&#8221;off&#8221; button_one_border_radius__hover_enabled=&#8221;off&#8221; button_two_border_radius__hover_enabled=&#8221;off&#8221; button_one_letter_spacing__hover_enabled=&#8221;off&#8221; button_two_letter_spacing__hover_enabled=&#8221;off&#8221; button_one_bg_color__hover_enabled=&#8221;on&#8221; button_one_bg_color__hover=&#8221;rgba(0,0,0,0)&#8221; button_two_bg_color__hover_enabled=&#8221;on&#8221; button_two_bg_color__hover=&#8221;rgba(0,0,0,0)&#8221;][\/et_pb_fullwidth_header][\/et_pb_section][et_pb_section fb_built=&#8221;1&#8243; admin_label=&#8221;Feature &#8211; Image Right&#8221; _builder_version=&#8221;4.16&#8243; custom_margin=&#8221;|||&#8221; custom_padding=&#8221;0|0px|0|0px|false|false&#8221; global_colors_info=&#8221;{}&#8221;][et_pb_row use_custom_gutter=&#8221;on&#8221; gutter_width=&#8221;4&#8243; _builder_version=&#8221;4.16&#8243; max_width=&#8221;80%&#8221; module_alignment=&#8221;center&#8221; custom_padding=&#8221;40px|0px|4px|0px|false|false&#8221; animation_style=&#8221;fade&#8221; use_custom_width=&#8221;on&#8221; width_unit=&#8221;off&#8221; global_colors_info=&#8221;{}&#8221;][et_pb_column type=&#8221;4_4&#8243; _builder_version=&#8221;4.16&#8243; custom_padding=&#8221;|||&#8221; global_colors_info=&#8221;{}&#8221; custom_padding__hover=&#8221;|||&#8221;][et_pb_text _builder_version=&#8221;4.16&#8243; text_font=&#8221;||||||||&#8221; text_letter_spacing=&#8221;1px&#8221; text_orientation=&#8221;justified&#8221; global_colors_info=&#8221;{}&#8221;]<\/p>\n<p class=\"rtejustify\">Benvenuti nel sito della galleria-atelier <em>The Little Wild Gallery <\/em>dedicato al lavoro del fotografo naturalista <a href=\"http:\/\/www.stefanounterthiner.com\" target=\"_blank\" rel=\"noopener noreferrer\">Stefano Unterthiner<\/a> e di sua moglie <a href=\"\/it\/about\/\">St\u00e9phanie Fran\u00e7oise<\/a>. <em>The Little Wild Gallery<\/em> \u00e8 all&#8217;interno del Forte di Bard, in Valle d&#8217;Aosta: uno spazio espositivo permanente e un atelier professionale nel cuore di un&#8217;imponente fortezza dedicata alla cultura. Attraverso queste pagine vi invitiamo a scoprire come lavoriamo e ad acquistare le nostre stampe e gli ultimi libri.<\/p>\n<p>[\/et_pb_text][\/et_pb_column][\/et_pb_row][et_pb_row use_custom_gutter=&#8221;on&#8221; gutter_width=&#8221;4&#8243; _builder_version=&#8221;4.16&#8243; max_width=&#8221;80%&#8221; module_alignment=&#8221;center&#8221; custom_margin=&#8221;|auto|39px|auto||&#8221; custom_padding=&#8221;36px|0px|0px|0px|false|false&#8221; animation_style=&#8221;fade&#8221; use_custom_width=&#8221;on&#8221; width_unit=&#8221;off&#8221; global_colors_info=&#8221;{}&#8221;][et_pb_column type=&#8221;4_4&#8243; _builder_version=&#8221;4.16&#8243; custom_padding=&#8221;|||&#8221; global_colors_info=&#8221;{}&#8221; custom_padding__hover=&#8221;|||&#8221;][et_pb_text _builder_version=&#8221;4.16&#8243; text_font=&#8221;||||||||&#8221; text_letter_spacing=&#8221;1px&#8221; header_font=&#8221;|300||||on|||&#8221; header_2_font=&#8221;||||||||&#8221; header_3_font=&#8221;|300|||||||&#8221; text_orientation=&#8221;justified&#8221; global_colors_info=&#8221;{}&#8221;]<\/p>\n<h1 class=\"rtejustify\" style=\"text-align: justify;\">La nostra Gallery<\/h1>\n<p class=\"rtejustify\" style=\"text-align: justify;\"><em>The Little Wild Gallery<\/em> \u00e8 nata dal desiderio di Stefano Unterthiner di stampare personalmente le sue fotografie in modo professionale, di completare lo scatto realizzato sul campo con la produzione di una stampa di alta qualit\u00e0 e fedele all&#8217;immagine originale. La galleria vuole anche essere un luogo di divulgazione e incontro con il pubblico per discutere di fotografia, natura e conservazione.<\/p>\n<p class=\"rtejustify\" style=\"text-align: justify;\">La nostra piccola galleria &#8216;selvaggia&#8217; \u00e8 stata inaugurata a dicembre del 2010 in un sito d&#8217;eccezione: il maestoso <a href=\"http:\/\/www.fortedibard.it\/\" target=\"_blank\" rel=\"noopener noreferrer\">Forte di Bard<\/a>, in Valle d&#8217;Aosta. Una fortezza aperta al pubblico nel 2006, dopo la sua completa ristrutturazione, e oggi interamente dedicata alla cultura. Il Forte organizza mostre d&#8217;arte e fotografiche, dibattiti, incontri, concerti, master di fotografia e altri importanti eventi di richiamo internazionale.<\/p>\n<p class=\"rtejustify\" style=\"text-align: justify;\">La galleria si \u00e8 ingrandita nel 2018 ed \u00e8 suddivisa in due salette espositive e un&#8217;area adibita ad atelier; in quest&#8217;ultima avviene l&#8217;elaborazione e la produzione delle stampe destinate alla vendita e alla realizzazione di <a href=\"\/it\/mostre\/\">mostre fotografiche<\/a>. Nella prima saletta espositiva \u00e8 attualmente presente una selezione di stampe tratta dal nuovo libro <a href=\"\/it\/un-mondo-diverso\/\"><em>Un mondo diverso<\/em><\/a>; la seconda saletta \u00e8 dedicata al lavoro che Stefano ha realizzato nel Parco del Gran Paradiso<em>.<br \/><\/em><\/p>\n<p class=\"rtejustify\" style=\"text-align: justify;\">Visitando <em>The Li<\/em><em>ttle Wild Gallery<\/em> potrete scoprire qualche aneddoto legato al nostro lavoro di campo,<em><\/em> scoprire come sono realizzate le fotografie e le stampe, ricevere consigli e suggerimenti per i vostri acquisti e, su appuntamento, avere l&#8217;occasione di incontrare personalmente St\u00e9phanie e Stefano. <a href=\"\/it\/venite-a-trovarci\/\">Venite a trovarci<\/a>!<\/p>\n<p>[\/et_pb_text][et_pb_gallery gallery_ids=&#8221;1001,6932,1814,6929,6927&#8243; posts_number=&#8221;5&#8243; show_title_and_caption=&#8221;off&#8221; show_pagination=&#8221;off&#8221; zoom_icon_color=&#8221;rgba(137,137,137,0.97)&#8221; hover_overlay_color=&#8221;rgba(255,255,255,0.86)&#8221; hover_icon=&#8221;&#x30;||divi||400&#8243; _builder_version=&#8221;4.23.1&#8243; max_width_tablet=&#8221;&#8221; max_width_phone=&#8221;&#8221; max_width_last_edited=&#8221;on|phone&#8221; custom_margin=&#8221;|-15px||-15px&#8221; hover_enabled=&#8221;0&#8243; global_colors_info=&#8221;{}&#8221; sticky_enabled=&#8221;0&#8243;][\/et_pb_gallery][\/et_pb_column][\/et_pb_row][et_pb_row use_custom_gutter=&#8221;on&#8221; gutter_width=&#8221;4&#8243; _builder_version=&#8221;4.16&#8243; max_width=&#8221;80%&#8221; module_alignment=&#8221;center&#8221; custom_padding=&#8221;0|0px|0|0px|false|false&#8221; animation_style=&#8221;fade&#8221; hover_enabled=&#8221;0&#8243; use_custom_width=&#8221;on&#8221; width_unit=&#8221;off&#8221; global_colors_info=&#8221;{}&#8221; sticky_enabled=&#8221;0&#8243;][et_pb_column type=&#8221;4_4&#8243; _builder_version=&#8221;4.16&#8243; custom_padding=&#8221;|||&#8221; global_colors_info=&#8221;{}&#8221; custom_padding__hover=&#8221;|||&#8221;][et_pb_text _builder_version=&#8221;4.16&#8243; text_font=&#8221;||||||||&#8221; text_letter_spacing=&#8221;1px&#8221; header_font=&#8221;|300||||on|||&#8221; header_text_align=&#8221;justify&#8221; header_2_font=&#8221;||||||||&#8221; header_3_font=&#8221;|300|||||||&#8221; text_orientation=&#8221;justified&#8221; global_colors_info=&#8221;{}&#8221;]<\/p>\n<h1 class=\"rtejustify\" style=\"text-align: justify;\">Come Stampiamo<\/h1>\n<p class=\"rtejustify\" style=\"text-align: justify;\">Realizzate e autografate personalmente dall&#8217;autore, le nostre stampe sono il riflesso della passione per l&#8217;immagine di Stefano Unterthiner. Stampiamo con le piu recenti tecnologie in materia di stampa digitale, che garantiscono una grande longevit\u00e0, da 60 a oltre 100 anni (a seconda dei supporti utilizzati) della fotografia riprodotta.<\/p>\n<p class=\"rtejustify\" style=\"text-align: justify;\">Grazie a una consolidata partnership con <a href=\"http:\/\/www.epson.it\" target=\"_blank\" rel=\"noopener noreferrer\">Epson Italia<\/a>, <em>The Little Wild Gallery <\/em>\u00e8 dotata di una delle pi\u00f9 recenti stampanti professionali di grande formato, la <a href=\"https:\/\/www.epson.it\/products\/printers\/large-format-printers\/surecolor-sc-p9000-std\">SureColor SC-P9000<\/a>. Lavoriamo con profili colori personalizzati per riuscire a ottenere stampe estremamente fedeli all&#8217;immagine originale, e utilizziamo soltanto carte di cotone di grande qualit\u00e0 e con grammatura importante (300 gr) quali <em>Hahnem\u00fchle William Turner<\/em> e alcune carte <em>Fine Art<\/em> di <span class=\"aCOpRe\">Epson<\/span>.<\/p>\n<p style=\"text-align: justify;\">Nel maggio 2011 Stefano Unterthiner \u00e8 diventato un artista <a href=\"https:\/\/www.littlewild-gallery.com\/index.php\/informazioni-digigraphie\/\"><em>Digigraphie by Epson<\/em><\/a>, un esclusivo marchio di certificazione di opere digitali in serie limitata. Ogni stampa \u00e8 unica: autografata, numerata e timbrata <em>Digigraphie <\/em>e fa parte di una tiratura definita e riconosciuta dall&#8217;autore. All&#8217;interno dello <a href=\"\/it\/shop\/\">Shop <\/a>trovate una selezione di immagini, scelte personalmente dal fotografo, per l&#8217;esclusiva stampa con certificazione <em>Digigraphie.<\/em><\/p>\n<p>[\/et_pb_text][et_pb_gallery gallery_ids=&#8221;271,990,182,181,1815&#8243; posts_number=&#8221;5&#8243; show_title_and_caption=&#8221;off&#8221; show_pagination=&#8221;off&#8221; zoom_icon_color=&#8221;rgba(137,137,137,0.97)&#8221; hover_overlay_color=&#8221;rgba(255,255,255,0.86)&#8221; hover_icon=&#8221;&#x30;||divi||400&#8243; _builder_version=&#8221;4.16&#8243; max_width_tablet=&#8221;&#8221; max_width_phone=&#8221;&#8221; max_width_last_edited=&#8221;on|desktop&#8221; custom_margin=&#8221;|-15px||-15px&#8221; custom_padding=&#8221;||50px|||&#8221; global_colors_info=&#8221;{}&#8221;][\/et_pb_gallery][\/et_pb_column][\/et_pb_row][\/et_pb_section]<\/p>\n","protected":false},"excerpt":{"rendered":"<p>Benvenuti nel sito della galleria-atelier The Little Wild Gallery dedicato al lavoro del fotografo naturalista Stefano Unterthiner e di sua moglie St\u00e9phanie Fran\u00e7oise. The Little Wild Gallery \u00e8 all&#8217;interno del Forte di Bard, in Valle d&#8217;Aosta: uno spazio espositivo permanente e un atelier professionale nel cuore di un&#8217;imponente fortezza dedicata alla cultura. Attraverso queste pagine [&hellip;]<\/p>\n","protected":false},"author":1,"featured_media":0,"parent":0,"menu_order":0,"comment_status":"closed","ping_status":"closed","template":"","meta":{"_et_pb_use_builder":"on","_et_pb_old_content":"<p>This is an example page. It's different from a blog post because it will stay in one place and will show up in your site navigation (in most themes). Most people start with an About page that introduces them to potential site visitors. It might say something like this:<\/p><blockquote><p>Hi there! I'm a bike messenger by day, aspiring actor by night, and this is my website. I live in Los Angeles, have a great dog named Jack, and I like pi\u00f1a coladas. (And gettin' caught in the rain.)<\/p><\/blockquote><p>...or something like this:<\/p><blockquote><p>The XYZ Doohickey Company was founded in 1971, and has been providing quality doohickeys to the public ever since. Located in Gotham City, XYZ employs over 2,000 people and does all kinds of awesome things for the Gotham community.<\/p><\/blockquote><p>As a new WordPress user, you should go to <a href=\"https:\/\/www.littlewild-gallery.com\/wp-admin\/\">your dashboard<\/a> to delete this page and create new pages for your content. Have fun!<\/p>","_et_gb_content_width":"","footnotes":""},"class_list":["post-2","page","type-page","status-publish","hentry"],"yoast_head":"<!-- This site is optimized with the Yoast SEO plugin v27.6 - https:\/\/yoast.com\/product\/yoast-seo-wordpress\/ -->\n<title>Home - The Little Wild Gallery<\/title>\n<meta name=\"robots\" content=\"index, follow, max-snippet:-1, max-image-preview:large, max-video-preview:-1\" \/>\n<link rel=\"canonical\" href=\"https:\/\/www.littlewild-gallery.com\/it\/\" \/>\n<meta property=\"og:locale\" content=\"it_IT\" \/>\n<meta property=\"og:type\" content=\"article\" \/>\n<meta property=\"og:title\" content=\"Home - The Little Wild Gallery\" \/>\n<meta property=\"og:description\" content=\"Benvenuti nel sito della galleria-atelier The Little Wild Gallery dedicato al lavoro del fotografo naturalista Stefano Unterthiner e di sua moglie St\u00e9phanie Fran\u00e7oise. The Little Wild Gallery \u00e8 all&#039;interno del Forte di Bard, in Valle d&#039;Aosta: uno spazio espositivo permanente e un atelier professionale nel cuore di un&#039;imponente fortezza dedicata alla cultura. Attraverso queste pagine [&hellip;]\" \/>\n<meta property=\"og:url\" content=\"https:\/\/www.littlewild-gallery.com\/it\/\" \/>\n<meta property=\"og:site_name\" content=\"The Little Wild Gallery\" \/>\n<meta property=\"article:modified_time\" content=\"2023-12-20T14:04:27+00:00\" \/>\n<meta name=\"twitter:card\" content=\"summary_large_image\" \/>\n<meta name=\"twitter:label1\" content=\"Tempo di lettura stimato\" \/>\n\t<meta name=\"twitter:data1\" content=\"3 minuti\" \/>\n<script type=\"application\/ld+json\" class=\"yoast-schema-graph\">{\"@context\":\"https:\\\/\\\/schema.org\",\"@graph\":[{\"@type\":\"WebPage\",\"@id\":\"https:\\\/\\\/www.littlewild-gallery.com\\\/it\\\/\",\"url\":\"https:\\\/\\\/www.littlewild-gallery.com\\\/it\\\/\",\"name\":\"Home - The Little Wild Gallery\",\"isPartOf\":{\"@id\":\"https:\\\/\\\/www.littlewild-gallery.com\\\/it\\\/#website\"},\"datePublished\":\"2018-09-03T20:00:59+00:00\",\"dateModified\":\"2023-12-20T14:04:27+00:00\",\"breadcrumb\":{\"@id\":\"https:\\\/\\\/www.littlewild-gallery.com\\\/it\\\/#breadcrumb\"},\"inLanguage\":\"it-IT\",\"potentialAction\":[{\"@type\":\"ReadAction\",\"target\":[\"https:\\\/\\\/www.littlewild-gallery.com\\\/it\\\/\"]}]},{\"@type\":\"BreadcrumbList\",\"@id\":\"https:\\\/\\\/www.littlewild-gallery.com\\\/it\\\/#breadcrumb\",\"itemListElement\":[{\"@type\":\"ListItem\",\"position\":1,\"name\":\"Home\",\"item\":\"https:\\\/\\\/www.littlewild-gallery.com\\\/it\\\/\"},{\"@type\":\"ListItem\",\"position\":2,\"name\":\"Home\"}]},{\"@type\":\"WebSite\",\"@id\":\"https:\\\/\\\/www.littlewild-gallery.com\\\/it\\\/#website\",\"url\":\"https:\\\/\\\/www.littlewild-gallery.com\\\/it\\\/\",\"name\":\"The Little Wild Gallery\",\"description\":\"Fine prints and books by  Stefano Unterthiner\",\"potentialAction\":[{\"@type\":\"SearchAction\",\"target\":{\"@type\":\"EntryPoint\",\"urlTemplate\":\"https:\\\/\\\/www.littlewild-gallery.com\\\/it\\\/?s={search_term_string}\"},\"query-input\":{\"@type\":\"PropertyValueSpecification\",\"valueRequired\":true,\"valueName\":\"search_term_string\"}}],\"inLanguage\":\"it-IT\"}]}<\/script>\n<!-- \/ Yoast SEO plugin. -->","yoast_head_json":{"title":"Home - The Little Wild Gallery","robots":{"index":"index","follow":"follow","max-snippet":"max-snippet:-1","max-image-preview":"max-image-preview:large","max-video-preview":"max-video-preview:-1"},"canonical":"https:\/\/www.littlewild-gallery.com\/it\/","og_locale":"it_IT","og_type":"article","og_title":"Home - The Little Wild Gallery","og_description":"Benvenuti nel sito della galleria-atelier The Little Wild Gallery dedicato al lavoro del fotografo naturalista Stefano Unterthiner e di sua moglie St\u00e9phanie Fran\u00e7oise. The Little Wild Gallery \u00e8 all'interno del Forte di Bard, in Valle d'Aosta: uno spazio espositivo permanente e un atelier professionale nel cuore di un'imponente fortezza dedicata alla cultura. Attraverso queste pagine [&hellip;]","og_url":"https:\/\/www.littlewild-gallery.com\/it\/","og_site_name":"The Little Wild Gallery","article_modified_time":"2023-12-20T14:04:27+00:00","twitter_card":"summary_large_image","twitter_misc":{"Tempo di lettura stimato":"3 minuti"},"schema":{"@context":"https:\/\/schema.org","@graph":[{"@type":"WebPage","@id":"https:\/\/www.littlewild-gallery.com\/it\/","url":"https:\/\/www.littlewild-gallery.com\/it\/","name":"Home - The Little Wild Gallery","isPartOf":{"@id":"https:\/\/www.littlewild-gallery.com\/it\/#website"},"datePublished":"2018-09-03T20:00:59+00:00","dateModified":"2023-12-20T14:04:27+00:00","breadcrumb":{"@id":"https:\/\/www.littlewild-gallery.com\/it\/#breadcrumb"},"inLanguage":"it-IT","potentialAction":[{"@type":"ReadAction","target":["https:\/\/www.littlewild-gallery.com\/it\/"]}]},{"@type":"BreadcrumbList","@id":"https:\/\/www.littlewild-gallery.com\/it\/#breadcrumb","itemListElement":[{"@type":"ListItem","position":1,"name":"Home","item":"https:\/\/www.littlewild-gallery.com\/it\/"},{"@type":"ListItem","position":2,"name":"Home"}]},{"@type":"WebSite","@id":"https:\/\/www.littlewild-gallery.com\/it\/#website","url":"https:\/\/www.littlewild-gallery.com\/it\/","name":"The Little Wild Gallery","description":"Fine prints and books by  Stefano Unterthiner","potentialAction":[{"@type":"SearchAction","target":{"@type":"EntryPoint","urlTemplate":"https:\/\/www.littlewild-gallery.com\/it\/?s={search_term_string}"},"query-input":{"@type":"PropertyValueSpecification","valueRequired":true,"valueName":"search_term_string"}}],"inLanguage":"it-IT"}]}},"_links":{"self":[{"href":"https:\/\/www.littlewild-gallery.com\/it\/wp-json\/wp\/v2\/pages\/2","targetHints":{"allow":["GET"]}}],"collection":[{"href":"https:\/\/www.littlewild-gallery.com\/it\/wp-json\/wp\/v2\/pages"}],"about":[{"href":"https:\/\/www.littlewild-gallery.com\/it\/wp-json\/wp\/v2\/types\/page"}],"author":[{"embeddable":true,"href":"https:\/\/www.littlewild-gallery.com\/it\/wp-json\/wp\/v2\/users\/1"}],"replies":[{"embeddable":true,"href":"https:\/\/www.littlewild-gallery.com\/it\/wp-json\/wp\/v2\/comments?post=2"}],"version-history":[{"count":131,"href":"https:\/\/www.littlewild-gallery.com\/it\/wp-json\/wp\/v2\/pages\/2\/revisions"}],"predecessor-version":[{"id":6934,"href":"https:\/\/www.littlewild-gallery.com\/it\/wp-json\/wp\/v2\/pages\/2\/revisions\/6934"}],"wp:attachment":[{"href":"https:\/\/www.littlewild-gallery.com\/it\/wp-json\/wp\/v2\/media?parent=2"}],"curies":[{"name":"wp","href":"https:\/\/api.w.org\/{rel}","templated":true}]}}