{"id":204,"date":"2018-09-05T12:47:09","date_gmt":"2018-09-05T10:47:09","guid":{"rendered":"https:\/\/www.littlewild-gallery.com\/?page_id=204"},"modified":"2020-01-20T10:29:15","modified_gmt":"2020-01-20T09:29:15","slug":"mostre","status":"publish","type":"page","link":"https:\/\/www.littlewild-gallery.com\/it\/mostre\/","title":{"rendered":"Mostre"},"content":{"rendered":"<p>[et_pb_section fb_built=&#8221;1&#8243; fullwidth=&#8221;on&#8221; admin_label=&#8221;Hero Section&#8221; _builder_version=&#8221;3.22&#8243; custom_padding=&#8221;0px|0px|0|0px|false|false&#8221;][et_pb_fullwidth_header title=&#8221;Forte di Bard, Dicembre 2019&#8243; subhead=&#8221;On Assignment&#8221; background_overlay_color=&#8221;rgba(0,0,0,0)&#8221; _builder_version=&#8221;4.0.7&#8243; title_font=&#8221;Poppins|700||on|||||&#8221; title_text_align=&#8221;left&#8221; title_text_color=&#8221;#e09900&#8243; title_font_size=&#8221;14px&#8221; title_letter_spacing=&#8221;2px&#8221; title_line_height=&#8221;1.8em&#8221; content_font=&#8221;||||||||&#8221; subhead_font=&#8221;Playfair Display|||||on|||&#8221; subhead_text_align=&#8221;left&#8221; subhead_font_size=&#8221;35px&#8221; subhead_letter_spacing=&#8221;1px&#8221; subhead_line_height=&#8221;1.5em&#8221; background_color=&#8221;rgba(255,255,255,0)&#8221; background_image=&#8221;https:\/\/www.littlewild-gallery.com\/wp-content\/uploads\/2020\/01\/IMG_1188.jpg&#8221; custom_button_one=&#8221;on&#8221; button_one_border_width=&#8221;1px&#8221; button_one_border_color=&#8221;rgba(255,255,255,0.3)&#8221; button_one_border_radius=&#8221;0px&#8221; button_one_letter_spacing=&#8221;1px&#8221; button_one_font=&#8221;Saira Extra Condensed|600||on|||||&#8221; button_one_icon=&#8221;%%3%%&#8221; button_one_icon_color=&#8221;#edbb5f&#8221; custom_button_two=&#8221;on&#8221; button_two_border_width=&#8221;1px&#8221; button_two_border_color=&#8221;rgba(255,255,255,0.3)&#8221; button_two_border_radius=&#8221;0px&#8221; button_two_letter_spacing=&#8221;1px&#8221; button_two_font=&#8221;Saira Extra Condensed|600||on|||||&#8221; button_two_icon=&#8221;%%3%%&#8221; button_two_icon_color=&#8221;#edbb5f&#8221; module_alignment=&#8221;right&#8221; custom_margin=&#8221;||||false|false&#8221; custom_padding=&#8221;5%||20%|&#8221; custom_padding_tablet=&#8221;&#8221; custom_padding_phone=&#8221;28%||28%|&#8221; custom_padding_last_edited=&#8221;on|desktop&#8221; button_one_text_color_hover=&#8221;#edbb5f&#8221; button_two_text_color_hover=&#8221;#edbb5f&#8221; button_one_bg_color_hover=&#8221;rgba(0,0,0,0)&#8221; button_two_bg_color_hover=&#8221;rgba(0,0,0,0)&#8221; button_one_text_size__hover_enabled=&#8221;off&#8221; button_two_text_size__hover_enabled=&#8221;off&#8221; button_one_text_color__hover_enabled=&#8221;on&#8221; button_one_text_color__hover=&#8221;#edbb5f&#8221; button_two_text_color__hover_enabled=&#8221;on&#8221; button_two_text_color__hover=&#8221;#edbb5f&#8221; button_one_border_width__hover_enabled=&#8221;off&#8221; button_two_border_width__hover_enabled=&#8221;off&#8221; button_one_border_color__hover_enabled=&#8221;off&#8221; button_two_border_color__hover_enabled=&#8221;off&#8221; button_one_border_radius__hover_enabled=&#8221;off&#8221; button_two_border_radius__hover_enabled=&#8221;off&#8221; button_one_letter_spacing__hover_enabled=&#8221;off&#8221; button_two_letter_spacing__hover_enabled=&#8221;off&#8221; button_one_bg_color__hover_enabled=&#8221;on&#8221; button_one_bg_color__hover=&#8221;rgba(0,0,0,0)&#8221; button_two_bg_color__hover_enabled=&#8221;on&#8221; button_two_bg_color__hover=&#8221;rgba(0,0,0,0)&#8221;][\/et_pb_fullwidth_header][\/et_pb_section][et_pb_section fb_built=&#8221;1&#8243; admin_label=&#8221;Feature &#8211; Image Right&#8221; _builder_version=&#8221;3.22&#8243; custom_margin=&#8221;|||&#8221; custom_padding=&#8221;0|0px|54px|0px|false|false&#8221;][et_pb_row use_custom_gutter=&#8221;on&#8221; gutter_width=&#8221;4&#8243; _builder_version=&#8221;3.25&#8243; max_width=&#8221;80%&#8221; module_alignment=&#8221;center&#8221; custom_padding=&#8221;40px|0px|27px|0px|false|false&#8221; animation_style=&#8221;fade&#8221; use_custom_width=&#8221;on&#8221; width_unit=&#8221;off&#8221;][et_pb_column type=&#8221;4_4&#8243; _builder_version=&#8221;3.25&#8243; custom_padding=&#8221;|||&#8221; custom_padding__hover=&#8221;|||&#8221;][et_pb_text _builder_version=&#8221;4.0.7&#8243; text_font=&#8221;||||||||&#8221; text_letter_spacing=&#8221;1px&#8221; header_font=&#8221;|300||||on|||&#8221; header_2_font=&#8221;||||||||&#8221; header_3_font=&#8221;||||||||&#8221; text_orientation=&#8221;justified&#8221;]<\/p>\n<div class=\"region region-content small-7 medium-7 large-7 xlarge-7 xxlarge-7 column\">\n<div id=\"block-system-main\" class=\"block block-system\">\n<div class=\"content\">\n<div about=\"\/it\/chi-siamo\" typeof=\"foaf:Document\" class=\"zf-1col node node-page view-mode-full\">\n<div class=\"group-content\">\n<div class=\"field field-name-body field-type-text-with-summary field-label-hidden\">\n<div class=\"field-items\">\n<div class=\"field-item even\" property=\"content:encoded\">\n<p class=\"rtejustify\" style=\"text-align: justify;\"><em>The Little Wild Gallery <\/em>produce anche esclusive mostre fotografiche realizzate con le immagini di Stefano Unterthiner. Il fotografo italiano ha esposto i suoi lavori in tutto il mondo in siti prestigiosi. In questa pagina ne presentiamo alcune da noi recentemente realizzate. <a href=\"mailto:info@littlewild-gallery.com\">Contattateci<\/a>, se volete affittare una mostra o desiderate produrne una completamente nuova con le immagine di Stefano che pi\u00f9 apprezzate.<\/p>\n<p class=\"rtejustify\" style=\"text-align: justify;\"><em><\/em><\/p>\n<h1 class=\"rtejustify\" style=\"text-align: justify;\">&#8216;ON ASSIGNMENT&#8217; &#8211; Una vita selvaggia<\/h1>\n<p style=\"text-align: justify;\">La pi\u00f9 recente mostra di Stefano Unterhiner, tratta dall&#8217;omonimo libro, presentata per la prima volta in Italia al pubblico del <a href=\"https:\/\/www.fortedibard.it\/mostre\/on-assignment-una-vita-selvaggia-fotografie-di-stefano-unterthiner\/\" target=\"_blank\" rel=\"noopener noreferrer\">Forte di Bard<\/a>, in Valle d\u2019Aosta (dal 14 dicembre 2019 al 2 giugno 2020). Una grande retrospettiva realizzata con le immagini dei reportage prodotti dal fotografo nel periodo dal 2006 al 2017 su commissione del <em>National Geographic<\/em> magazine. Una mostra che vuole invitare il pubblico a scoprire il mondo della fotografia naturalistica provando a raccontare, attraverso la vita e lo sguardo di un grande fotografo, il nostro rapporto con la natura e le altre specie. La mostra documenta, in particolare, il lavoro realizzato da Unterthiner per il celebre magazine americano, di cui e\u0300 collaboratore dal 2009. Ben 77 le immagini esposte, suddivise in dieci storie che mostrano un grande ritratto del mondo animale: dalle fotografie realizzate nel remoto arcipelago di Crozet, a quelle prodotte, sulle tracce del puma, in Cile; dalle suggestive immagini sul cigno selvatico, ai drammatici scatti che documentano il declino del cinopiteco in Indonesia.<\/p>\n<p class=\"rtejustify\" style=\"text-align: justify;\"><em><\/em><\/p>\n<h1 class=\"rtejustify\" style=\"text-align: justify;\">The Living Wild<\/h1>\n<p style=\"text-align: justify;\">Una retrospettiva che ripercorre le tappe pi\u00f9 importanti della carriera di Stefano Unterthiner attraverso l&#8217;esposizione di sessanta quadri di grande formato: dai primi scatti realizzati in Valle d&#8217;Aosta, ai lavori pi\u00f9 recenti in Indonesia, Antartide, Finlandia e Giappone. \u00abHo iniziato a fotografare da ragazzo, ma sono ormai vent&#8217;anni che questa passione \u00e8 diventata una professione a tempo pieno\u00bb, racconta Stefano. \u00abCon questa mostra voglio presentare il mio lavoro attraverso alcune delle mie fotografie pi\u00f9 conosciute e apprezzate\u00bb. Un percorso per immagini tra alcuni dei luoghi pi\u00f9 selvaggi e incontaminati del nostro pianeta. Un viaggio nel mondo animale alla ricerca di specie rare e minacciate, come l\u2019albatro urlatore e il \u201cbuffo\u201d cinopiteco, e anche pinguini, orsi, volpi e molte altre specie che il fotografo ha documentato in questi anni di esplorazioni in giro per il mondo. Tra le fotografie presentate alla mostra, ci sono numerose immagini tratte dagli ultimi lavori realizzati da Unterthiner per <em>National Geographic<\/em>. Questa mostra \u00e8 stata esposta nel 2012 presso la galleria <em>Konica-Minolta<\/em> a Tokyo (Giappone).<\/p>\n<p style=\"text-align: justify;\"><strong><\/strong><\/p>\n<h1 class=\"rtejustify\" style=\"text-align: justify;\">Gli angeli dell&#8217;inverno<\/h1>\n<p>(attualmente non disponibile)<\/p>\n<p>Una mostra che ripercorre il lavoro realizzato da Stefano Unterthiner sul cigno selvatico per il <em>National Geographic<\/em>. Quaranta stampe (90&#215;60 cm su dibond di 2mm) montate su &#8220;caisse am\u00e9ricaine&#8221;: una cornice semplice ed elegante che mette in valore la poesia delle immagini presentate in questa mostra. A corredo della mostra, \u00e8 disponibile un video di 20 minuti che racconta il dietro le quinte del lavoro del fotografo. La mostra \u00e8 stata realizzata per Naturum V\u00e4rmland Mariebergsskogen (Karlstad, Svezia), che l&#8217;ha esposta per due mesi.<\/p>\n<p>&nbsp;<\/p>\n<\/div>\n<div class=\"field-item even\" property=\"content:encoded\">\n<h1 class=\"rtejustify\" style=\"text-align: justify;\">L&#8217;odissea del Re<\/h1>\n<p><em>L&#8217;odissea del re<\/em> racconta il lungo viaggio che compie il pinguino reale durante la stagione degli amori. Ogni anno, nel mese di novembre, i pinguini si radunano in grandi colonie per l&#8217;accoppiamento e la riproduzione. Lo scenario \u00e8 l&#8217;impervio e affascinante arcipelago di Crozet, un lontano gruppo di isole nell&#8217;oceano australe, vero rifugio per migliaia di uccelli. Innumerevoli pericoli minacciano i pinguini: inondazioni e tempeste, stercorari pronti ad attaccare le uova, orche e altri predatori&#8230; Le fotografie realizzate da Stefano Unterthiner raccolte in questa mostra (e anche in un omonimo libro pubblicato in Italia da <em>Contrasto<\/em>) ci mostrano i tanti incredibili aspetti della vita in queste colonie dove pinguini, ma anche albatros, cormorani, elefanti di mare e otarie che popolano l&#8217;Antartico si muovono, si nutrono, si riproducono, con un&#8217;unica costante preoccupazione: quella di sopravvivere. La mostra \u00e8 costituita da 60 stampe (100&#215;70 cm su dibond di 2mm); a corredo della mostra \u00e8 disponibile uno slideshow di immagini. Mostra realizzata per il Mueso di Storia Naturale di Torino.<\/p>\n<p style=\"text-align: left;\"><strong><\/strong><\/p>\n<p style=\"text-align: left;\"><strong><\/strong><\/p>\n<h1 style=\"text-align: left;\">Contatti<\/h1>\n<div style=\"text-align: left;\">St\u00e9phanie Fran\u00e7oise<\/div>\n<div style=\"text-align: left;\">Cell. +39-340-7636432<\/div>\n<div style=\"text-align: left;\"><a href=\"mailto:info@littlewild-gallery.com\">info@littlewild-gallery.com<\/a><\/div>\n<\/div>\n<\/div>\n<\/div>\n<\/div>\n<\/div>\n<\/div>\n<\/div>\n<\/div>\n<p>[\/et_pb_text][et_pb_gallery gallery_ids=&#8221;221,224,4177,241,223&#8243; posts_number=&#8221;5&#8243; show_title_and_caption=&#8221;off&#8221; show_pagination=&#8221;off&#8221; zoom_icon_color=&#8221;rgba(137,137,137,0.97)&#8221; hover_overlay_color=&#8221;rgba(255,255,255,0.86)&#8221; hover_icon=&#8221;%%15%%&#8221; _builder_version=&#8221;4.0.7&#8243; max_width_tablet=&#8221;&#8221; max_width_phone=&#8221;&#8221; max_width_last_edited=&#8221;on|desktop&#8221; custom_margin=&#8221;|-15px||-15px&#8221; hover_enabled=&#8221;0&#8243;][\/et_pb_gallery][\/et_pb_column][\/et_pb_row][\/et_pb_section]<\/p>\n","protected":false},"excerpt":{"rendered":"<p>The Little Wild Gallery produce anche esclusive mostre fotografiche realizzate con le immagini di Stefano Unterthiner. Il fotografo italiano ha esposto i suoi lavori in tutto il mondo in siti prestigiosi. In questa pagina ne presentiamo alcune da noi recentemente realizzate. Contattateci, se volete affittare una mostra o desiderate produrne una completamente nuova con le [&hellip;]<\/p>\n","protected":false},"author":1,"featured_media":0,"parent":0,"menu_order":0,"comment_status":"closed","ping_status":"closed","template":"","meta":{"_et_pb_use_builder":"on","_et_pb_old_content":"","_et_gb_content_width":"","footnotes":""},"class_list":["post-204","page","type-page","status-publish","hentry"],"yoast_head":"<!-- This site is optimized with the Yoast SEO plugin v27.4 - https:\/\/yoast.com\/product\/yoast-seo-wordpress\/ -->\n<title>Mostre - The Little Wild Gallery<\/title>\n<meta name=\"robots\" content=\"index, follow, max-snippet:-1, max-image-preview:large, max-video-preview:-1\" \/>\n<link rel=\"canonical\" href=\"https:\/\/www.littlewild-gallery.com\/it\/mostre\/\" \/>\n<meta property=\"og:locale\" content=\"it_IT\" \/>\n<meta property=\"og:type\" content=\"article\" \/>\n<meta property=\"og:title\" content=\"Mostre - The Little Wild Gallery\" \/>\n<meta property=\"og:description\" content=\"The Little Wild Gallery produce anche esclusive mostre fotografiche realizzate con le immagini di Stefano Unterthiner. Il fotografo italiano ha esposto i suoi lavori in tutto il mondo in siti prestigiosi. In questa pagina ne presentiamo alcune da noi recentemente realizzate. Contattateci, se volete affittare una mostra o desiderate produrne una completamente nuova con le [&hellip;]\" \/>\n<meta property=\"og:url\" content=\"https:\/\/www.littlewild-gallery.com\/it\/mostre\/\" \/>\n<meta property=\"og:site_name\" content=\"The Little Wild Gallery\" \/>\n<meta property=\"article:modified_time\" content=\"2020-01-20T09:29:15+00:00\" \/>\n<meta name=\"twitter:card\" content=\"summary_large_image\" \/>\n<meta name=\"twitter:label1\" content=\"Tempo di lettura stimato\" \/>\n\t<meta name=\"twitter:data1\" content=\"6 minuti\" \/>\n<script type=\"application\/ld+json\" class=\"yoast-schema-graph\">{\"@context\":\"https:\\\/\\\/schema.org\",\"@graph\":[{\"@type\":\"WebPage\",\"@id\":\"https:\\\/\\\/www.littlewild-gallery.com\\\/it\\\/mostre\\\/\",\"url\":\"https:\\\/\\\/www.littlewild-gallery.com\\\/it\\\/mostre\\\/\",\"name\":\"Mostre - The Little Wild Gallery\",\"isPartOf\":{\"@id\":\"https:\\\/\\\/www.littlewild-gallery.com\\\/it\\\/#website\"},\"datePublished\":\"2018-09-05T10:47:09+00:00\",\"dateModified\":\"2020-01-20T09:29:15+00:00\",\"breadcrumb\":{\"@id\":\"https:\\\/\\\/www.littlewild-gallery.com\\\/it\\\/mostre\\\/#breadcrumb\"},\"inLanguage\":\"it-IT\",\"potentialAction\":[{\"@type\":\"ReadAction\",\"target\":[\"https:\\\/\\\/www.littlewild-gallery.com\\\/it\\\/mostre\\\/\"]}]},{\"@type\":\"BreadcrumbList\",\"@id\":\"https:\\\/\\\/www.littlewild-gallery.com\\\/it\\\/mostre\\\/#breadcrumb\",\"itemListElement\":[{\"@type\":\"ListItem\",\"position\":1,\"name\":\"Home\",\"item\":\"https:\\\/\\\/www.littlewild-gallery.com\\\/it\\\/\"},{\"@type\":\"ListItem\",\"position\":2,\"name\":\"Mostre\"}]},{\"@type\":\"WebSite\",\"@id\":\"https:\\\/\\\/www.littlewild-gallery.com\\\/it\\\/#website\",\"url\":\"https:\\\/\\\/www.littlewild-gallery.com\\\/it\\\/\",\"name\":\"The Little Wild Gallery\",\"description\":\"Fine prints and books by  Stefano Unterthiner\",\"potentialAction\":[{\"@type\":\"SearchAction\",\"target\":{\"@type\":\"EntryPoint\",\"urlTemplate\":\"https:\\\/\\\/www.littlewild-gallery.com\\\/it\\\/?s={search_term_string}\"},\"query-input\":{\"@type\":\"PropertyValueSpecification\",\"valueRequired\":true,\"valueName\":\"search_term_string\"}}],\"inLanguage\":\"it-IT\"}]}<\/script>\n<!-- \/ Yoast SEO plugin. -->","yoast_head_json":{"title":"Mostre - The Little Wild Gallery","robots":{"index":"index","follow":"follow","max-snippet":"max-snippet:-1","max-image-preview":"max-image-preview:large","max-video-preview":"max-video-preview:-1"},"canonical":"https:\/\/www.littlewild-gallery.com\/it\/mostre\/","og_locale":"it_IT","og_type":"article","og_title":"Mostre - The Little Wild Gallery","og_description":"The Little Wild Gallery produce anche esclusive mostre fotografiche realizzate con le immagini di Stefano Unterthiner. Il fotografo italiano ha esposto i suoi lavori in tutto il mondo in siti prestigiosi. In questa pagina ne presentiamo alcune da noi recentemente realizzate. Contattateci, se volete affittare una mostra o desiderate produrne una completamente nuova con le [&hellip;]","og_url":"https:\/\/www.littlewild-gallery.com\/it\/mostre\/","og_site_name":"The Little Wild Gallery","article_modified_time":"2020-01-20T09:29:15+00:00","twitter_card":"summary_large_image","twitter_misc":{"Tempo di lettura stimato":"6 minuti"},"schema":{"@context":"https:\/\/schema.org","@graph":[{"@type":"WebPage","@id":"https:\/\/www.littlewild-gallery.com\/it\/mostre\/","url":"https:\/\/www.littlewild-gallery.com\/it\/mostre\/","name":"Mostre - The Little Wild Gallery","isPartOf":{"@id":"https:\/\/www.littlewild-gallery.com\/it\/#website"},"datePublished":"2018-09-05T10:47:09+00:00","dateModified":"2020-01-20T09:29:15+00:00","breadcrumb":{"@id":"https:\/\/www.littlewild-gallery.com\/it\/mostre\/#breadcrumb"},"inLanguage":"it-IT","potentialAction":[{"@type":"ReadAction","target":["https:\/\/www.littlewild-gallery.com\/it\/mostre\/"]}]},{"@type":"BreadcrumbList","@id":"https:\/\/www.littlewild-gallery.com\/it\/mostre\/#breadcrumb","itemListElement":[{"@type":"ListItem","position":1,"name":"Home","item":"https:\/\/www.littlewild-gallery.com\/it\/"},{"@type":"ListItem","position":2,"name":"Mostre"}]},{"@type":"WebSite","@id":"https:\/\/www.littlewild-gallery.com\/it\/#website","url":"https:\/\/www.littlewild-gallery.com\/it\/","name":"The Little Wild Gallery","description":"Fine prints and books by  Stefano Unterthiner","potentialAction":[{"@type":"SearchAction","target":{"@type":"EntryPoint","urlTemplate":"https:\/\/www.littlewild-gallery.com\/it\/?s={search_term_string}"},"query-input":{"@type":"PropertyValueSpecification","valueRequired":true,"valueName":"search_term_string"}}],"inLanguage":"it-IT"}]}},"_links":{"self":[{"href":"https:\/\/www.littlewild-gallery.com\/it\/wp-json\/wp\/v2\/pages\/204","targetHints":{"allow":["GET"]}}],"collection":[{"href":"https:\/\/www.littlewild-gallery.com\/it\/wp-json\/wp\/v2\/pages"}],"about":[{"href":"https:\/\/www.littlewild-gallery.com\/it\/wp-json\/wp\/v2\/types\/page"}],"author":[{"embeddable":true,"href":"https:\/\/www.littlewild-gallery.com\/it\/wp-json\/wp\/v2\/users\/1"}],"replies":[{"embeddable":true,"href":"https:\/\/www.littlewild-gallery.com\/it\/wp-json\/wp\/v2\/comments?post=204"}],"version-history":[{"count":54,"href":"https:\/\/www.littlewild-gallery.com\/it\/wp-json\/wp\/v2\/pages\/204\/revisions"}],"predecessor-version":[{"id":4179,"href":"https:\/\/www.littlewild-gallery.com\/it\/wp-json\/wp\/v2\/pages\/204\/revisions\/4179"}],"wp:attachment":[{"href":"https:\/\/www.littlewild-gallery.com\/it\/wp-json\/wp\/v2\/media?parent=204"}],"curies":[{"name":"wp","href":"https:\/\/api.w.org\/{rel}","templated":true}]}}