{"id":3539,"date":"2019-01-17T10:27:54","date_gmt":"2019-01-17T09:27:54","guid":{"rendered":"https:\/\/www.littlewild-gallery.com\/?page_id=3539"},"modified":"2019-01-17T10:30:08","modified_gmt":"2019-01-17T09:30:08","slug":"condizioni-generali-di-vendita","status":"publish","type":"page","link":"https:\/\/www.littlewild-gallery.com\/it\/condizioni-generali-di-vendita\/","title":{"rendered":"Condizioni generali di vendita"},"content":{"rendered":"<p>[et_pb_section fb_built=&#8221;1&#8243; _builder_version=&#8221;3.19.3&#8243;][et_pb_row make_fullwidth=&#8221;on&#8221; _builder_version=&#8221;3.19.3&#8243;][et_pb_column type=&#8221;4_4&#8243; _builder_version=&#8221;3.19.3&#8243; parallax=&#8221;off&#8221; parallax_method=&#8221;on&#8221;][et_pb_text _builder_version=&#8221;3.19.3&#8243;]<\/p>\n<h2 style=\"text-align: justify;\">Condizioni generali di vendita<\/h2>\n<p style=\"text-align: justify;\">Le presenti condizioni generali regolano la vendita e la fornitura di prodotti di <em>The Little Wild Gallery<\/em>. La compravendita di prodotti e servizi effettuata tramite il sito internet www.littlewild-gallery.com \u00e8 disciplinata dal Decreto Legislativo 6 settembre 2005 n. 206 e successive modifiche, in materia di vendite a distanza con i consumatori e dal Decreto Legislativo 9 aprile 2003 n. 70 e successive modifiche in materia di commercio elettronico. <em>The Little Wild Gallery<\/em> si riserva il diritto di modificare le condizioni generali di vendita anche per uniformarsi alle novit\u00e0 legislative in materia. Le eventuali modifiche si intendono esecutive nel momento in cui vengono pubblicate sul sito www.littlewild-gallery.com.<\/p>\n<p style=\"text-align: justify;\">1. Titolarit\u00e0 del sito<\/p>\n<p style=\"text-align: justify;\">Il sito internet www.littlewild-gallery.com (di seguito &#8220;Sito&#8221;) \u00e8 di titolarit\u00e0 <em>The Little Wild Gallery<\/em> con sede legale in Saint-Vincent, frazione Salirod 14 (P. IVA 01150090072, C.Fisc FRNSPH83M64Z110E. e N. iscriz. R.I. Aosta 71498), ed \u00e8 finalizzato alla diffusione e alla vendita di stampe e prodotti editoriali.<\/p>\n<p style=\"text-align: justify;\">2. Disciplina dell&#8217;acquisto<\/p>\n<p style=\"text-align: justify;\">Le presenti condizioni generali di vendita, unitamente alle condizioni di consegna e pagamento dei beni previste nel presente Sito costituiscono parte integrante del contratto di compravendita concluso tra l&#8217;utente del Sito (di seguito il Cliente) e <em>The Little Wild Gallery<\/em>. Il Cliente che effettua un ordine on-line dichiara di aver preso visione e di accettare incondizionatamente e integralmente le presenti condizioni generali di vendita. Ogni condizione diversa dovr\u00e0 essere concordata di volta in volta per iscritto. Ad acquisto avvenuto, il Cliente si impegna a stampare e conservare le presenti condizioni generali di vendita.<\/p>\n<p style=\"text-align: justify;\">3. L&#8217;ordine<\/p>\n<p style=\"text-align: justify;\">L&#8217;ordine del Cliente, trasmesso tramite l&#8217;utilizzo del Sito, telefonicamente al numero +39 3407636432 &#8211; al costo della tariffazione ordinaria &#8211; ovvero tramite e-mail, si intende accettato da <em>The Little Wild Gallery<\/em> quando il Cliente riceve la conferma d&#8217;ordine via e-mail all&#8217;indirizzo di posta elettronica comunicato. L&#8217;e-mail di conferma riepiloga i prodotti e i servizi acquistati dal Cliente, i relativi prezzi, i tempi e i costi della consegna. Il Cliente si impegna a verificare la correttezza dei dati riportati e a comunicare a <em>The Little Wild Gallery<\/em>, entro un giorno dall&#8217;acquisto, eventuali inesattezze. Il Cliente si impegna a stampare e conservare una copia della e-mail di conferma. Successivamente all&#8217;invio della risposta di conferma da parte di <em>The Little Wild Gallery<\/em>, nel caso<em> The Little Wild Gallery<\/em>riscontri (a causa di errori di natura tecnica o formale) la non correttezza del prezzo e\/o delle caratteristiche, pubblicate sul Sito, dei prodotti oggetto della compravendita, <em>The Little Wild Gallery<\/em> dar\u00e0 espressa comunicazione di ci\u00f2 al Cliente.<\/p>\n<p style=\"text-align: justify;\">3.1. Cancellazione dell&#8217;ordine<\/p>\n<p style=\"text-align: justify;\">Il cliente pu\u00f2 decidere di annullare l&#8217;ordine entro le 24 ore successive all&#8217;acquisto dandone comunicazione a <em>The Little Wild Gallery<\/em> via email all&#8217;indirizzo di posta elettronica <a href=\"mailto:info@littlewild-gallery.com\">info@littlewild-gallery.com<\/a> oppure telefonicamente al numero +39 3407636432.<\/p>\n<p style=\"text-align: justify;\">4. Obblighi del Cliente<\/p>\n<p style=\"text-align: justify;\">L&#8217;acquisto dei prodotti e servizi \u00e8 riservato a persone maggiori di et\u00e0 o che comunque abbiano le capacit\u00e0 d&#8217;agire. <em>The Little Wild Gallery<\/em> declina ogni responsabilit\u00e0 nel caso in cui soggetti incapaci agiscano in violazione di tale regola. L&#8217;acquisto di prodotti e servizi sul Sito presuppone il conferimento, da parte del Cliente, dei dati necessari per l&#8217;effettuazione delle attivit\u00e0 di consegna dei beni. A tal fine, il Cliente si impegna a comunicare dati corretti, aggiornati e veritieri relativi a indicazioni anagrafiche, recapito personale e, in generale, alle altre informazioni utili all&#8217;evasione dell&#8217;ordine. Il Cliente si impegna al pagamento del prezzo del bene acquistato.<\/p>\n<p style=\"text-align: justify;\">5. Prezzi e modalit\u00e0 di pagamento<\/p>\n<p style=\"text-align: justify;\">Tutti i prezzi sono espressi in Euro e comprensivi di IVA. Esulano dal prezzo di acquisto il costo addizionale della consegna, eventuali oneri di incasso, eventuali dazi doganali nonch\u00e9 tasse aggiuntive sulla vendita necessarie per l&#8217;esportazione in territorio estero. Il Cliente pu\u00f2 provvedere al pagamento degli importi dovuti mediante bonifico bancario o carta di credito (Paypal). In caso di pagamento tramite carta di credito (Paypal), i dati della carta di credito non saranno in alcun modo trattati da <em>The Little Wild Gallery<\/em>. <em>The Little Wild Gallery<\/em> non \u00e8 responsabile dell&#8217;eventuale uso fraudolento e illecito che possa essere fatto da parte di terzi di carte di credito all&#8217;atto del pagamento dei prodotti acquistati sul sito www.littlewild-gallery.com. A tal proposito <em>The Little Wild Gallery<\/em> si riserva il diritto di cancellare la transazione nel caso sospetto di uso fraudolento delle carte di credito. Inoltre, per garantire maggiore sicurezza degli acquisti on-line con utilizzo di carte di credito, <em>The Little Wild Gallery<\/em> al fine dell&#8217;evasione degli ordini potr\u00e0 richiedere in qualsiasi momento maggiori informazioni o documenti senza i quali si riserva il diritto di non accettare la transazione.<\/p>\n<p style=\"text-align: justify;\">6. Spedizione e consegna<\/p>\n<p style=\"text-align: justify;\">Il Cliente, inoltre, prima di procedere con l&#8217;ordine di acquisto \u00e8 tenuto a prendere visione dei tempi e delle spese di consegna in Italia e all&#8217;Estero. I tempi di consegna indicati sono stime basate esclusivamente sull&#8217;elaborazione normale dell&#8217;ordine e sui tempi di consegna dichiarati dai vettori. <em>The Little Wild Gallery<\/em> non \u00e8 responsabile per eventuali ritardi occorsi durante il servizio di trasporto e garantisce il rispetto delle norme di qualit\u00e0 relative ai prodotti e servizi esclusivamente fino al momento della consegna presso il luogo indicato dal cliente. E&#8217; esclusa ogni responsabilit\u00e0 relativa al cattivo stato dei prodotti dovuta a impropria conservazione successiva al momento della consegna. In ogni caso <em>The Little Wild Gallery<\/em> si impegna a eseguire la consegna entro venti giorni dalla trasmissione dell&#8217;ordine on-line da parte del Cliente. Ai fini della consegna della merce \u00e8 richiesta la presenza del Cliente o di un suo incaricato nel luogo e nel giorno di prevista consegna. Ove sia stato previsto il pagamento alla consegna, in caso di impossibilit\u00e0 di provvedere al pagamento, la merce non sar\u00e0 consegnata e <em>The Little Wild Gallery<\/em> si riserva il diritto di risolvere il contratto di acquisto per inadempimento del Cliente, salva la facolt\u00e0 di <em>The Little Wild Gallery<\/em> di prendere nuovi accordi telefonici con il Cliente per una nuova consegna.<\/p>\n<p style=\"text-align: justify;\">6.1 Beni fisici<\/p>\n<p style=\"text-align: justify;\">La procedura ordinaria non si conclude positivamente nel caso in cui risultino difficolt\u00e0 di recapito all&#8217;indirizzo indicato per la consegna: in questo caso, il Cliente verr\u00e0 avvisato per prendere contatto diretto e trovare una modalit\u00e0 alternativa di procedere.<\/p>\n<p style=\"text-align: justify;\">7. Diritto di recesso<\/p>\n<p style=\"text-align: justify;\">Il diritto di recesso si esercita inviando a <em>The Little Wild Gallery<\/em>, all&#8217;indirizzo di seguito indicato, una lettera raccomandata A\/R entro dieci giorni lavorativi dalla data di ricevimento della merce. La comunicazione potr\u00e0 essere anticipata entro lo stesso termine, tramite posta elettronica, a condizione che sia confermata mediante raccomandata A\/R entro le 48 ore successive ai seguenti riferimenti:<\/p>\n<p style=\"text-align: justify;\"><em>The Little Wild Gallery<\/em>, frazione Salirod 14, 11027 Saint-Vincent (AO) &#8211;\u00a0<a href=\"mailto:info@littlewild-gallery.com\">info@littlewild-gallery.com<\/a> &#8211; tel. +39 340 7636432.<\/p>\n<p style=\"text-align: justify;\">La raccomandata si intende spedita in tempo utile se consegnata all&#8217;ufficio postale accettante entro dieci giorni lavorativi dalla data di ricevimento della merce.<\/p>\n<p style=\"text-align: justify;\">Detta comunicazione dovr\u00e0 indicare chiaramente la volont\u00e0 di recedere dall&#8217;acquisto dei prodotti che dovranno essere identificati con precisione e a essa dovr\u00e0 essere allegata copia del documento di trasporto. In caso di esercizio del diritto di recesso, il Cliente dovr\u00e0 provvedere alla restituzione a proprie spese della merce spedendola al seguente indirizzo: <em>The Little Wild Gallery<\/em> &#8211; frazione Salirod 14, 11027 Saint-Vincent (AO). L&#8217;integrit\u00e0 del bene oggetto di restituzione \u00e8 condizione essenziale per l&#8217;esercizio del diritto di recesso: dovr\u00e0 essere integro e in buono stato di conservazione. Inoltre, il prodotto deve essere restituito completo di pertinenze e accessori all&#8217;interno dell&#8217;imballo originale. L&#8217;inosservanza delle modalit\u00e0 prescritte consentir\u00e0 a <em>The Little Wild Gallery<\/em> di rifiutare la merce restituita dal Cliente. In caso di valido esercizio del diritto di recesso, <em>The Little Wild Gallery<\/em> provveder\u00e0 a rimborsare il prezzo d&#8217;acquisto e le spese di invio della merce al domicilio del cliente nel pi\u00f9 breve tempo possibile, e comunque entro 30 giorni dalla data in cui <em>The Little Wild Gallery<\/em> ha avuto notizia dell&#8217;esercizio del diritto di recesso. Rimangono escluse dal diritto di recesso le spese di restituzione del bene, che sono a carico del Cliente (art. 67, comma 3, D.Lgs. n. 206\/2005). Nel caso in cui il Cliente abbia ricevuto prodotti difettosi, danneggiati o errati, le spese di consegna saranno a carico di <em>The Little Wild Gallery<\/em> che compir\u00e0 ogni diligente sforzo per sostituire i prodotti danneggiati o difettosi. Se la sostituzione non fosse possibile, l&#8217;unico obbligo di <em>The Little Wild Gallery<\/em> \u00e8 di rimborsare quanto pagato. Il diritto di recesso non pu\u00f2 essere esercitato in caso di dvd o altri prodotti consegnati con sigillo SIAE, aperti dal consumatore. Qualora il prodotto reso presenti difetti, anche lievi, riscontrati al momento della restituzione, <em>The Little Wild Gallery<\/em> si riserva il diritto di ridurre il valore del rimborso a compensazione del danno riscontrato sul prodotto.<\/p>\n<p style=\"text-align: justify;\">8. Reclami<\/p>\n<p style=\"text-align: justify;\">Ogni eventuale reclamo in relazione ai beni acquistati mediante il Sito o mediante ordine telefonico dovr\u00e0 essere rivolto via posta elettronica al seguente indirizzo e-mail &#8211;\u00a0<a href=\"mailto:info@littlewild-gallery.com\">info@littlewild-gallery.com<\/a> ovvero con posta ordinaria al seguente indirizzo: <em>The Little Wild Gallery<\/em>, frazione Salirod 14, 11027 Saint-Vincent (AO).<\/p>\n<p style=\"text-align: justify;\">9. Diritti di propriet\u00e0 industriale e intellettuale<\/p>\n<p style=\"text-align: justify;\">I marchi, gli altri segni distintivi, nonch\u00e9 gli altri diritti di propriet\u00e0 industriale in relazione ai prodotti e servizi presenti nelle pagine del Sito appartengono a <em>The Little Wild Gallery<\/em> ovvero a terzi produttori dei beni posti in vendita da <em>The Little Wild Gallery<\/em>, mediante il Sito. E&#8217; fatto divieto dell&#8217;uso del marchio, degli altri segni distintivi, nonch\u00e9 degli altri diritti di propriet\u00e0 industriale di <em>The Little Wild Gallery<\/em> e di terzi, inclusa la riproduzione su altri siti Internet da parte di soggetti non autorizzati. I contenuti quali, ad esempio, informazioni, testo, grafica e immagini, presenti all&#8217;interno del Sito sono protetti dal diritto d&#8217;autore.<\/p>\n<p style=\"text-align: justify;\">10. Tutela dei dati personali<\/p>\n<p style=\"text-align: justify;\">I dati personali comunicati dal Cliente a <em>The Little Wild Gallery<\/em> durante le trattative precontrattuali nonch\u00e9 per la esecuzione del contratto saranno trattati conformemente al D. Lgs. n. 196\/2003. Con l&#8217;ordine di acquisto, il Cliente dichiara di aver preso visione dell&#8217;informativa sulla Privacy.<\/p>\n<p style=\"text-align: justify;\">11. Legge applicabile e Foro competente<\/p>\n<p style=\"text-align: justify;\">Il contratto di vendita tra <em>The Little Wild Gallery<\/em> ed il Cliente sar\u00e0 disciplinato e interpretato in conformit\u00e0 della Legge italiana e tutte le controversie saranno di competenza del Foro di residenza o di domicilio del Cliente, se ubicato nel territorio dello Stato.<\/p>\n<p>[\/et_pb_text][\/et_pb_column][\/et_pb_row][\/et_pb_section]<\/p>\n","protected":false},"excerpt":{"rendered":"<p>Condizioni generali di vendita Le presenti condizioni generali regolano la vendita e la fornitura di prodotti di The Little Wild Gallery. La compravendita di prodotti e servizi effettuata tramite il sito internet www.littlewild-gallery.com \u00e8 disciplinata dal Decreto Legislativo 6 settembre 2005 n. 206 e successive modifiche, in materia di vendite a distanza con i consumatori [&hellip;]<\/p>\n","protected":false},"author":1,"featured_media":0,"parent":0,"menu_order":0,"comment_status":"closed","ping_status":"closed","template":"","meta":{"_et_pb_use_builder":"on","_et_pb_old_content":"","_et_gb_content_width":"","footnotes":""},"class_list":["post-3539","page","type-page","status-publish","hentry"],"yoast_head":"<!-- This site is optimized with the Yoast SEO plugin v27.4 - https:\/\/yoast.com\/product\/yoast-seo-wordpress\/ -->\n<title>Condizioni generali di vendita - The Little Wild Gallery<\/title>\n<meta name=\"robots\" content=\"index, follow, max-snippet:-1, max-image-preview:large, max-video-preview:-1\" \/>\n<link rel=\"canonical\" href=\"https:\/\/www.littlewild-gallery.com\/it\/condizioni-generali-di-vendita\/\" \/>\n<meta property=\"og:locale\" content=\"it_IT\" \/>\n<meta property=\"og:type\" content=\"article\" \/>\n<meta property=\"og:title\" content=\"Condizioni generali di vendita - The Little Wild Gallery\" \/>\n<meta property=\"og:description\" content=\"Condizioni generali di vendita Le presenti condizioni generali regolano la vendita e la fornitura di prodotti di The Little Wild Gallery. La compravendita di prodotti e servizi effettuata tramite il sito internet www.littlewild-gallery.com \u00e8 disciplinata dal Decreto Legislativo 6 settembre 2005 n. 206 e successive modifiche, in materia di vendite a distanza con i consumatori [&hellip;]\" \/>\n<meta property=\"og:url\" content=\"https:\/\/www.littlewild-gallery.com\/it\/condizioni-generali-di-vendita\/\" \/>\n<meta property=\"og:site_name\" content=\"The Little Wild Gallery\" \/>\n<meta property=\"article:modified_time\" content=\"2019-01-17T09:30:08+00:00\" \/>\n<meta name=\"twitter:card\" content=\"summary_large_image\" \/>\n<meta name=\"twitter:label1\" content=\"Tempo di lettura stimato\" \/>\n\t<meta name=\"twitter:data1\" content=\"8 minuti\" \/>\n<script type=\"application\/ld+json\" class=\"yoast-schema-graph\">{\"@context\":\"https:\\\/\\\/schema.org\",\"@graph\":[{\"@type\":\"WebPage\",\"@id\":\"https:\\\/\\\/www.littlewild-gallery.com\\\/it\\\/condizioni-generali-di-vendita\\\/\",\"url\":\"https:\\\/\\\/www.littlewild-gallery.com\\\/it\\\/condizioni-generali-di-vendita\\\/\",\"name\":\"Condizioni generali di vendita - The Little Wild Gallery\",\"isPartOf\":{\"@id\":\"https:\\\/\\\/www.littlewild-gallery.com\\\/it\\\/#website\"},\"datePublished\":\"2019-01-17T09:27:54+00:00\",\"dateModified\":\"2019-01-17T09:30:08+00:00\",\"breadcrumb\":{\"@id\":\"https:\\\/\\\/www.littlewild-gallery.com\\\/it\\\/condizioni-generali-di-vendita\\\/#breadcrumb\"},\"inLanguage\":\"it-IT\",\"potentialAction\":[{\"@type\":\"ReadAction\",\"target\":[\"https:\\\/\\\/www.littlewild-gallery.com\\\/it\\\/condizioni-generali-di-vendita\\\/\"]}]},{\"@type\":\"BreadcrumbList\",\"@id\":\"https:\\\/\\\/www.littlewild-gallery.com\\\/it\\\/condizioni-generali-di-vendita\\\/#breadcrumb\",\"itemListElement\":[{\"@type\":\"ListItem\",\"position\":1,\"name\":\"Home\",\"item\":\"https:\\\/\\\/www.littlewild-gallery.com\\\/it\\\/\"},{\"@type\":\"ListItem\",\"position\":2,\"name\":\"Condizioni generali di vendita\"}]},{\"@type\":\"WebSite\",\"@id\":\"https:\\\/\\\/www.littlewild-gallery.com\\\/it\\\/#website\",\"url\":\"https:\\\/\\\/www.littlewild-gallery.com\\\/it\\\/\",\"name\":\"The Little Wild Gallery\",\"description\":\"Fine prints and books by  Stefano Unterthiner\",\"potentialAction\":[{\"@type\":\"SearchAction\",\"target\":{\"@type\":\"EntryPoint\",\"urlTemplate\":\"https:\\\/\\\/www.littlewild-gallery.com\\\/it\\\/?s={search_term_string}\"},\"query-input\":{\"@type\":\"PropertyValueSpecification\",\"valueRequired\":true,\"valueName\":\"search_term_string\"}}],\"inLanguage\":\"it-IT\"}]}<\/script>\n<!-- \/ Yoast SEO plugin. -->","yoast_head_json":{"title":"Condizioni generali di vendita - The Little Wild Gallery","robots":{"index":"index","follow":"follow","max-snippet":"max-snippet:-1","max-image-preview":"max-image-preview:large","max-video-preview":"max-video-preview:-1"},"canonical":"https:\/\/www.littlewild-gallery.com\/it\/condizioni-generali-di-vendita\/","og_locale":"it_IT","og_type":"article","og_title":"Condizioni generali di vendita - The Little Wild Gallery","og_description":"Condizioni generali di vendita Le presenti condizioni generali regolano la vendita e la fornitura di prodotti di The Little Wild Gallery. La compravendita di prodotti e servizi effettuata tramite il sito internet www.littlewild-gallery.com \u00e8 disciplinata dal Decreto Legislativo 6 settembre 2005 n. 206 e successive modifiche, in materia di vendite a distanza con i consumatori [&hellip;]","og_url":"https:\/\/www.littlewild-gallery.com\/it\/condizioni-generali-di-vendita\/","og_site_name":"The Little Wild Gallery","article_modified_time":"2019-01-17T09:30:08+00:00","twitter_card":"summary_large_image","twitter_misc":{"Tempo di lettura stimato":"8 minuti"},"schema":{"@context":"https:\/\/schema.org","@graph":[{"@type":"WebPage","@id":"https:\/\/www.littlewild-gallery.com\/it\/condizioni-generali-di-vendita\/","url":"https:\/\/www.littlewild-gallery.com\/it\/condizioni-generali-di-vendita\/","name":"Condizioni generali di vendita - The Little Wild Gallery","isPartOf":{"@id":"https:\/\/www.littlewild-gallery.com\/it\/#website"},"datePublished":"2019-01-17T09:27:54+00:00","dateModified":"2019-01-17T09:30:08+00:00","breadcrumb":{"@id":"https:\/\/www.littlewild-gallery.com\/it\/condizioni-generali-di-vendita\/#breadcrumb"},"inLanguage":"it-IT","potentialAction":[{"@type":"ReadAction","target":["https:\/\/www.littlewild-gallery.com\/it\/condizioni-generali-di-vendita\/"]}]},{"@type":"BreadcrumbList","@id":"https:\/\/www.littlewild-gallery.com\/it\/condizioni-generali-di-vendita\/#breadcrumb","itemListElement":[{"@type":"ListItem","position":1,"name":"Home","item":"https:\/\/www.littlewild-gallery.com\/it\/"},{"@type":"ListItem","position":2,"name":"Condizioni generali di vendita"}]},{"@type":"WebSite","@id":"https:\/\/www.littlewild-gallery.com\/it\/#website","url":"https:\/\/www.littlewild-gallery.com\/it\/","name":"The Little Wild Gallery","description":"Fine prints and books by  Stefano Unterthiner","potentialAction":[{"@type":"SearchAction","target":{"@type":"EntryPoint","urlTemplate":"https:\/\/www.littlewild-gallery.com\/it\/?s={search_term_string}"},"query-input":{"@type":"PropertyValueSpecification","valueRequired":true,"valueName":"search_term_string"}}],"inLanguage":"it-IT"}]}},"_links":{"self":[{"href":"https:\/\/www.littlewild-gallery.com\/it\/wp-json\/wp\/v2\/pages\/3539","targetHints":{"allow":["GET"]}}],"collection":[{"href":"https:\/\/www.littlewild-gallery.com\/it\/wp-json\/wp\/v2\/pages"}],"about":[{"href":"https:\/\/www.littlewild-gallery.com\/it\/wp-json\/wp\/v2\/types\/page"}],"author":[{"embeddable":true,"href":"https:\/\/www.littlewild-gallery.com\/it\/wp-json\/wp\/v2\/users\/1"}],"replies":[{"embeddable":true,"href":"https:\/\/www.littlewild-gallery.com\/it\/wp-json\/wp\/v2\/comments?post=3539"}],"version-history":[{"count":3,"href":"https:\/\/www.littlewild-gallery.com\/it\/wp-json\/wp\/v2\/pages\/3539\/revisions"}],"predecessor-version":[{"id":3544,"href":"https:\/\/www.littlewild-gallery.com\/it\/wp-json\/wp\/v2\/pages\/3539\/revisions\/3544"}],"wp:attachment":[{"href":"https:\/\/www.littlewild-gallery.com\/it\/wp-json\/wp\/v2\/media?parent=3539"}],"curies":[{"name":"wp","href":"https:\/\/api.w.org\/{rel}","templated":true}]}}